{"id":58,"date":"2026-04-16T15:46:06","date_gmt":"2026-04-16T15:46:06","guid":{"rendered":"https:\/\/altiged.fr\/?page_id=58"},"modified":"2026-04-17T12:02:56","modified_gmt":"2026-04-17T12:02:56","slug":"calculateur-roi-zeendoc","status":"publish","type":"page","link":"https:\/\/altiged.fr\/index.php\/calculateur-roi-zeendoc\/","title":{"rendered":"Calculateur  ZEENDOC"},"content":{"rendered":"\n<div class=\"wp-block-group alignfull has-global-padding is-layout-constrained wp-container-core-group-is-layout-490fa1db wp-block-group-is-layout-constrained\" style=\"padding-top:var(--wp--preset--spacing--50);padding-right:var(--wp--preset--spacing--50);padding-bottom:var(--wp--preset--spacing--50);padding-left:var(--wp--preset--spacing--50)\">\n<div class=\"wp-block-group has-global-padding is-layout-constrained wp-container-core-group-is-layout-650790e1 wp-block-group-is-layout-constrained\">\n<p class=\"has-text-align-center\">UN VERITABLE CALCULATEUR DE ROI<\/p>\n\n\n\n<div style=\"height:1.25rem\" aria-hidden=\"true\" class=\"wp-block-spacer\"><\/div>\n\n\n\n<p class=\"has-text-align-center\"><a href=\"https:\/\/www.altiged.fr\/calculateur\/login.html\" data-type=\"page\" data-id=\"58\" target=\"_blank\" rel=\"noreferrer noopener\">ACC\u00c9DER A VOTRE CALCULATEUR<\/a>.<\/p>\n\n\n\n<div style=\"height:1.25rem\" aria-hidden=\"true\" class=\"wp-block-spacer\"><\/div>\n\n\n\n<div class=\"wp-block-buttons is-content-justification-center is-layout-flex wp-container-core-buttons-is-layout-a89b3969 wp-block-buttons-is-layout-flex\">\n<div class=\"wp-block-button\"><a class=\"wp-block-button__link wp-element-button\">\u00c0 propos<\/a><\/div>\n<\/div>\n<\/div>\n\n\n\n<div style=\"height:var(--wp--preset--spacing--30)\" aria-hidden=\"true\" class=\"wp-block-spacer\"><\/div>\n\n\n\n<figure class=\"wp-block-gallery alignwide has-nested-images columns-default is-cropped wp-block-gallery-2 is-layout-flex wp-block-gallery-is-layout-flex\">\n<figure class=\"wp-block-image alignwide size-full is-style-rounded is-style-rounded--1\"><img decoding=\"async\" src=\"https:\/\/altiged.fr\/wp-content\/themes\/twentytwentyfour\/assets\/images\/building-exterior.webp\" alt=\"Ext\u00e9rieur du b\u00e2timent \u00e0 Toronto, Canada\"\/><\/figure>\n<\/figure>\n<\/div>\n\n\n\n<div class=\"wp-block-group alignfull has-base-2-background-color has-background has-global-padding is-layout-constrained wp-container-core-group-is-layout-669513ed wp-block-group-is-layout-constrained\" style=\"margin-top:0;margin-bottom:0;padding-top:var(--wp--preset--spacing--50);padding-right:var(--wp--preset--spacing--50);padding-bottom:var(--wp--preset--spacing--50);padding-left:var(--wp--preset--spacing--50)\">\n<div class=\"wp-block-group is-vertical is-content-justification-center is-layout-flex wp-container-core-group-is-layout-52b864f0 wp-block-group-is-layout-flex\">\n<h2 class=\"wp-block-heading has-text-align-center is-style-asterisk\"><strong>Une passion pour l\u2019optimisation de vos documents<\/strong><\/h2>\n\n\n\n<p class=\"has-text-align-center\">ALTIGED vous accompagne dans la mise en place de formulaires et de calculateurs Zeendoc adapt\u00e9s \u00e0 vos besoins : qualification de dossiers, pr\u00e9\u2011chiffrage, collecte de pi\u00e8ces, tout est centralis\u00e9 et exploitable en quelques clics, pour les TPE comme pour les structures multi\u2011sites.<\/p>\n<\/div>\n\n\n\n<div style=\"margin-top:0;margin-bottom:0;height:var(--wp--preset--spacing--40)\" aria-hidden=\"true\" class=\"wp-block-spacer\"><\/div>\n\n\n\n<div class=\"wp-block-columns alignwide is-layout-flex wp-container-core-columns-is-layout-d0bbbce0 wp-block-columns-is-layout-flex\">\n<div class=\"wp-block-column is-vertically-aligned-center is-layout-flow wp-container-core-column-is-layout-e3d1c41b wp-block-column-is-layout-flow\">\n<h3 class=\"wp-block-heading has-text-align-left is-style-asterisk has-body-font-family has-medium-font-size\" style=\"font-style:normal;font-weight:600\"><strong>Digitalisez vos demandes de r\u00e9novation avec Zeendoc<\/strong><\/h3>\n\n\n\n<p class=\"has-text-align-left\">Remplacez vos formulaires papier et vos fichiers Excel par des formulaires Zeendoc structur\u00e9s : chaque demande client cr\u00e9e un dossier complet dans votre GED, avec toutes les informations, documents et validations au m\u00eame endroit<\/p>\n<\/div>\n<\/div>\n\n\n\n<div style=\"height:var(--wp--preset--spacing--20)\" aria-hidden=\"true\" class=\"wp-block-spacer\"><\/div>\n<\/div>\n\n\n\n<div class=\"wp-block-group alignfull has-global-padding is-layout-constrained wp-container-core-group-is-layout-d89aad35 wp-block-group-is-layout-constrained\" style=\"margin-top:0;margin-bottom:0;padding-top:var(--wp--preset--spacing--50);padding-right:var(--wp--preset--spacing--50);padding-bottom:var(--wp--preset--spacing--50);padding-left:var(--wp--preset--spacing--50)\">\n<div class=\"wp-block-group alignwide has-global-padding is-layout-constrained wp-container-core-group-is-layout-19e250f3 wp-block-group-is-layout-constrained\">\n<div class=\"wp-block-group is-vertical is-content-justification-center is-layout-flex wp-container-core-group-is-layout-6329a8f3 wp-block-group-is-layout-flex\">\n<h2 class=\"wp-block-heading has-text-align-center is-style-asterisk\"><strong>Un tableau de ressources pour vos processus<\/strong><\/h2>\n\n\n\n<p class=\"has-text-align-center\">ALTIGED met en place un v\u00e9ritable tableau de ressources Zeendoc : formulaires, calculateurs et workflows connect\u00e9s pour tous vos services, des propri\u00e9taires d\u2019entreprises aux \u00e9quipes commerciales, sans ressaisie ni perte d\u2019information.<\/p>\n<\/div>\n\n\n\n<div style=\"height:var(--wp--preset--spacing--40)\" aria-hidden=\"true\" class=\"wp-block-spacer\"><\/div>\n\n\n\n<div class=\"wp-block-columns alignwide is-layout-flex wp-container-core-columns-is-layout-d1c656ed wp-block-columns-is-layout-flex\">\n<div class=\"wp-block-column is-vertically-aligned-center is-layout-flow wp-block-column-is-layout-flow\" style=\"flex-basis:40%\">\n<p><strong>Un tableau de ressources pour vos processus<\/strong><\/p>\n\n\n\n<p>ALTIGED met en place un v\u00e9ritable tableau de ressources Zeendoc : formulaires, calculateurs et workflows connect\u00e9s pour tous vos services, des propri\u00e9taires d\u2019entreprises aux \u00e9quipes commerciales, sans ressaisie ni perte d\u2019information.<\/p>\n<\/div>\n\n\n\n<div class=\"wp-block-column is-layout-flow wp-block-column-is-layout-flow\" style=\"flex-basis:50%\">\n<figure class=\"wp-block-image size-large is-style-rounded is-style-rounded--3\"><img decoding=\"async\" src=\"https:\/\/altiged.fr\/wp-content\/themes\/twentytwentyfour\/assets\/images\/tourist-and-building.webp\" alt=\"Touriste prenant une photo d\u2019un b\u00e2timent.\"\/><\/figure>\n<\/div>\n<\/div>\n\n\n\n<div style=\"height:var(--wp--preset--spacing--40)\" aria-hidden=\"true\" class=\"wp-block-spacer\"><\/div>\n\n\n\n<div class=\"wp-block-columns alignwide is-layout-flex wp-container-core-columns-is-layout-d1c656ed wp-block-columns-is-layout-flex\">\n<div class=\"wp-block-column is-layout-flow wp-block-column-is-layout-flow\" style=\"flex-basis:50%\">\n<figure class=\"wp-block-image size-large is-style-rounded is-style-rounded--4\"><img decoding=\"async\" src=\"https:\/\/altiged.fr\/wp-content\/themes\/twentytwentyfour\/assets\/images\/windows.webp\" alt=\"Les fen\u00eatres d\u2019un b\u00e2timent \u00e0 Nuremberg, Allemagne.\"\/><\/figure>\n<\/div>\n\n\n\n<div class=\"wp-block-column is-vertically-aligned-center is-layout-flow wp-block-column-is-layout-flow\" style=\"flex-basis:40%\">\n<p><strong>Newsletter ALTIGED<\/strong><\/p>\n\n\n\n<p>Des articles concrets sur la d\u00e9mat\u00e9rialisation et Zeendoc.<br>Des \u00e9tudes de cas qui montrent comment les formulaires transforment les processus.<br>Un acc\u00e8s privil\u00e9gi\u00e9 \u00e0 nos bonnes pratiques et nouveaut\u00e9s autour de Zeendoc.<\/p>\n<\/div>\n<\/div>\n<\/div>\n<\/div>\n\n\n\n<div class=\"wp-block-group alignfull has-base-color has-contrast-background-color has-text-color has-background has-global-padding is-layout-constrained wp-container-core-group-is-layout-ef3d885c wp-block-group-is-layout-constrained\" style=\"margin-top:0;margin-bottom:0;padding-top:var(--wp--preset--spacing--60);padding-right:var(--wp--preset--spacing--60);padding-bottom:var(--wp--preset--spacing--60);padding-left:var(--wp--preset--spacing--60)\">\n<div class=\"wp-block-group has-global-padding is-layout-constrained wp-block-group-is-layout-constrained\">\n<p class=\"has-text-align-center has-base-color has-text-color has-heading-font-family has-x-large-font-size\" style=\"line-height:1.2\"><em>\u00ab Avec les formulaires et calculateurs Zeendoc mis en place par ALTIGED, nous avons transform\u00e9 nos tableurs et formulaires papier en processus fluides, r\u00e9v\u00e9lant des gains de temps et de fiabilit\u00e9 que nous n\u2019imaginions pas. \u00bb<\/em><\/p>\n\n\n\n<div style=\"height:var(--wp--preset--spacing--10)\" aria-hidden=\"true\" class=\"wp-block-spacer\"><\/div>\n\n\n\n<div class=\"wp-block-group is-vertical is-content-justification-center is-nowrap is-layout-flex wp-container-core-group-is-layout-2dc08cea wp-block-group-is-layout-flex\">\n<figure class=\"wp-block-gallery aligncenter has-nested-images columns-default is-cropped wp-block-gallery-5 is-layout-flex wp-block-gallery-is-layout-flex\">\n<figure class=\"wp-block-image size-thumbnail\"><img loading=\"lazy\" decoding=\"async\" width=\"150\" height=\"150\" data-id=\"72\" src=\"http:\/\/altiged.fr\/wp-content\/uploads\/2026\/04\/Logo-Transformation-digitale-2-150x150.png\" alt=\"\" class=\"wp-image-72\" srcset=\"https:\/\/altiged.fr\/wp-content\/uploads\/2026\/04\/Logo-Transformation-digitale-2-150x150.png 150w, https:\/\/altiged.fr\/wp-content\/uploads\/2026\/04\/Logo-Transformation-digitale-2-300x300.png 300w, https:\/\/altiged.fr\/wp-content\/uploads\/2026\/04\/Logo-Transformation-digitale-2-1024x1024.png 1024w, https:\/\/altiged.fr\/wp-content\/uploads\/2026\/04\/Logo-Transformation-digitale-2-768x768.png 768w, https:\/\/altiged.fr\/wp-content\/uploads\/2026\/04\/Logo-Transformation-digitale-2.png 1500w\" sizes=\"auto, (max-width: 150px) 100vw, 150px\" \/><\/figure>\n<\/figure>\n\n\n\n<p class=\"has-text-align-center\" style=\"margin-top:var(--wp--preset--spacing--10);margin-bottom:0\">Jean Luc Tillier<\/p>\n\n\n\n<p class=\"has-text-align-center has-contrast-3-color has-text-color has-small-font-size\" style=\"font-style:normal;font-weight:300\">PDG, ALTIGED<\/p>\n<\/div>\n<\/div>\n<\/div>\n\n\n\n<div class=\"wp-block-group alignfull has-global-padding is-layout-constrained wp-container-core-group-is-layout-d89aad35 wp-block-group-is-layout-constrained\" style=\"margin-top:0;margin-bottom:0;padding-top:var(--wp--preset--spacing--50);padding-right:var(--wp--preset--spacing--50);padding-bottom:var(--wp--preset--spacing--50);padding-left:var(--wp--preset--spacing--50)\">\n<h2 class=\"wp-block-heading alignwide has-x-large-font-size\" style=\"margin-top:0;margin-bottom:var(--wp--preset--spacing--40);line-height:1\">Regardez, lisez, \u00e9coutez<\/h2>\n\n\n\n<div class=\"wp-block-group alignwide has-global-padding is-layout-constrained wp-block-group-is-layout-constrained\">\n<div class=\"wp-block-query alignwide is-layout-flow wp-block-query-is-layout-flow\">\n\n\n<div style=\"height:var(--wp--preset--spacing--30)\" aria-hidden=\"true\" class=\"wp-block-spacer\"><\/div>\n\n\n\n\n<div class=\"wp-block-query-no-results\">\n\n<p>Aucune publication n\u2019a \u00e9t\u00e9 trouv\u00e9e.<\/p>\n\n<\/div><\/div>\n<\/div>\n<\/div>\n\n\n\n<div class=\"wp-block-group alignfull has-global-padding is-layout-constrained wp-container-core-group-is-layout-d89aad35 wp-block-group-is-layout-constrained\" style=\"margin-top:0;margin-bottom:0;padding-top:var(--wp--preset--spacing--50);padding-right:var(--wp--preset--spacing--50);padding-bottom:var(--wp--preset--spacing--50);padding-left:var(--wp--preset--spacing--50)\">\n<div class=\"wp-block-group alignwide has-base-2-background-color has-background has-global-padding is-layout-constrained wp-container-core-group-is-layout-39412042 wp-block-group-is-layout-constrained\" style=\"border-radius:16px;padding-top:var(--wp--preset--spacing--40);padding-right:var(--wp--preset--spacing--50);padding-bottom:var(--wp--preset--spacing--40);padding-left:var(--wp--preset--spacing--50)\">\n<div style=\"height:var(--wp--preset--spacing--10)\" aria-hidden=\"true\" class=\"wp-block-spacer\"><\/div>\n\n\n\n<h2 class=\"wp-block-heading has-text-align-center has-x-large-font-size\">Rejoignez plus de 900 abonn\u00e9s\/abonn\u00e9es<\/h2>\n\n\n\n<p class=\"has-text-align-center\">Restez au courant de tout ce que vous devez savoir.<\/p>\n\n\n\n<div class=\"wp-block-buttons is-content-justification-center is-layout-flex wp-container-core-buttons-is-layout-a89b3969 wp-block-buttons-is-layout-flex\">\n<div class=\"wp-block-button\"><a class=\"wp-block-button__link wp-element-button\">S\u2019inscrire<\/a><\/div>\n<\/div>\n\n\n\n<div style=\"height:var(--wp--preset--spacing--10)\" aria-hidden=\"true\" class=\"wp-block-spacer\"><\/div>\n<\/div>\n<\/div>\n\n\n\n<figure class=\"wp-block-image\"><img loading=\"lazy\" decoding=\"async\" width=\"500\" height=\"198\" src=\"https:\/\/altiged.fr\/wp-content\/uploads\/2026\/04\/bourgogne-repro-haute-def-toujours.jpg\" alt=\"\" class=\"wp-image-64\" srcset=\"https:\/\/altiged.fr\/wp-content\/uploads\/2026\/04\/bourgogne-repro-haute-def-toujours.jpg 500w, https:\/\/altiged.fr\/wp-content\/uploads\/2026\/04\/bourgogne-repro-haute-def-toujours-300x119.jpg 300w\" sizes=\"auto, (max-width: 500px) 100vw, 500px\" \/><\/figure>\n","protected":false},"excerpt":{"rendered":"<p>UN VERITABLE CALCULATEUR DE ROI ACC\u00c9DER A VOTRE CALCULATEUR. Une passion pour l\u2019optimisation de vos documents ALTIGED vous accompagne dans la mise en place de formulaires et de calculateurs Zeendoc adapt\u00e9s \u00e0 vos besoins : qualification de dossiers, pr\u00e9\u2011chiffrage, collecte de pi\u00e8ces, tout est centralis\u00e9 et exploitable en quelques clics, pour les TPE comme pour [&hellip;]<\/p>\n","protected":false},"author":1,"featured_media":0,"parent":0,"menu_order":0,"comment_status":"closed","ping_status":"closed","template":"","meta":{"footnotes":""},"class_list":["post-58","page","type-page","status-publish","hentry"],"_links":{"self":[{"href":"https:\/\/altiged.fr\/index.php\/wp-json\/wp\/v2\/pages\/58","targetHints":{"allow":["GET"]}}],"collection":[{"href":"https:\/\/altiged.fr\/index.php\/wp-json\/wp\/v2\/pages"}],"about":[{"href":"https:\/\/altiged.fr\/index.php\/wp-json\/wp\/v2\/types\/page"}],"author":[{"embeddable":true,"href":"https:\/\/altiged.fr\/index.php\/wp-json\/wp\/v2\/users\/1"}],"replies":[{"embeddable":true,"href":"https:\/\/altiged.fr\/index.php\/wp-json\/wp\/v2\/comments?post=58"}],"version-history":[{"count":13,"href":"https:\/\/altiged.fr\/index.php\/wp-json\/wp\/v2\/pages\/58\/revisions"}],"predecessor-version":[{"id":81,"href":"https:\/\/altiged.fr\/index.php\/wp-json\/wp\/v2\/pages\/58\/revisions\/81"}],"wp:attachment":[{"href":"https:\/\/altiged.fr\/index.php\/wp-json\/wp\/v2\/media?parent=58"}],"curies":[{"name":"wp","href":"https:\/\/api.w.org\/{rel}","templated":true}]}}